{"id":305,"date":"2021-01-18T22:15:54","date_gmt":"2021-01-18T22:15:54","guid":{"rendered":"https:\/\/motylkowewzgorze.pl\/?page_id=305"},"modified":"2021-01-18T22:21:09","modified_gmt":"2021-01-18T22:21:09","slug":"zarzad","status":"publish","type":"page","link":"https:\/\/motylkowewzgorze.pl\/index.php\/zarzad\/","title":{"rendered":"Zarz\u0105d"},"content":{"rendered":"\t\t<div data-elementor-type=\"wp-page\" data-elementor-id=\"305\" class=\"elementor elementor-305\" data-elementor-post-type=\"page\">\n\t\t\t\t\t\t<section class=\"elementor-section elementor-top-section elementor-element elementor-element-5bc05cd9 elementor-section-full_width elementor-section-height-default elementor-section-height-default\" data-id=\"5bc05cd9\" data-element_type=\"section\" id=\"header_pop\" data-settings=\"{&quot;sticky&quot;:&quot;top&quot;,&quot;sticky_on&quot;:[&quot;desktop&quot;,&quot;tablet&quot;,&quot;mobile&quot;],&quot;sticky_offset&quot;:0,&quot;sticky_effects_offset&quot;:0,&quot;sticky_anchor_link_offset&quot;:0}\">\n\t\t\t\t\t\t<div class=\"elementor-container elementor-column-gap-default\">\n\t\t\t\t\t<div class=\"elementor-column elementor-col-100 elementor-top-column elementor-element elementor-element-566f9b17\" data-id=\"566f9b17\" data-element_type=\"column\">\n\t\t\t<div class=\"elementor-widget-wrap elementor-element-populated\">\n\t\t\t\t\t\t<section class=\"elementor-section elementor-inner-section elementor-element elementor-element-2a621338 elementor-reverse-mobile elementor-section-boxed elementor-section-height-default elementor-section-height-default\" data-id=\"2a621338\" data-element_type=\"section\" data-settings=\"{&quot;background_background&quot;:&quot;classic&quot;}\">\n\t\t\t\t\t\t<div class=\"elementor-container elementor-column-gap-default\">\n\t\t\t\t\t<div class=\"elementor-column elementor-col-50 elementor-inner-column elementor-element elementor-element-2b6b88bd elementor-hidden-phone\" data-id=\"2b6b88bd\" data-element_type=\"column\">\n\t\t\t<div class=\"elementor-widget-wrap elementor-element-populated\">\n\t\t\t\t\t\t<div class=\"elementor-element elementor-element-5d8c4595 elementor-icon-list--layout-inline elementor-align-left elementor-mobile-align-center elementor-list-item-link-full_width elementor-widget elementor-widget-icon-list\" data-id=\"5d8c4595\" data-element_type=\"widget\" data-widget_type=\"icon-list.default\">\n\t\t\t\t<div class=\"elementor-widget-container\">\n\t\t\t\t\t\t\t<ul class=\"elementor-icon-list-items elementor-inline-items\">\n\t\t\t\t\t\t\t<li class=\"elementor-icon-list-item elementor-inline-item\">\n\t\t\t\t\t\t\t\t\t\t\t<span class=\"elementor-icon-list-icon\">\n\t\t\t\t\t\t\t<i aria-hidden=\"true\" class=\"fas fa-phone\"><\/i>\t\t\t\t\t\t<\/span>\n\t\t\t\t\t\t\t\t\t\t<span class=\"elementor-icon-list-text\">504-707-352<\/span>\n\t\t\t\t\t\t\t\t\t<\/li>\n\t\t\t\t\t\t<\/ul>\n\t\t\t\t\t\t<\/div>\n\t\t\t\t<\/div>\n\t\t\t\t\t<\/div>\n\t\t<\/div>\n\t\t\t\t<div class=\"elementor-column elementor-col-50 elementor-inner-column elementor-element elementor-element-228ae7f5\" data-id=\"228ae7f5\" data-element_type=\"column\">\n\t\t\t<div class=\"elementor-widget-wrap elementor-element-populated\">\n\t\t\t\t\t\t<div class=\"elementor-element elementor-element-21ef9ce4 elementor-search-form--skin-full_screen elementor-widget elementor-widget-search-form\" data-id=\"21ef9ce4\" data-element_type=\"widget\" data-settings=\"{&quot;skin&quot;:&quot;full_screen&quot;}\" data-widget_type=\"search-form.default\">\n\t\t\t\t<div class=\"elementor-widget-container\">\n\t\t\t\t\t\t\t<search role=\"search\">\n\t\t\t<form class=\"elementor-search-form\" action=\"https:\/\/motylkowewzgorze.pl\" method=\"get\">\n\t\t\t\t\t\t\t\t\t\t\t\t<div class=\"elementor-search-form__toggle\" role=\"button\" tabindex=\"0\" aria-label=\"Szukaj\">\n\t\t\t\t\t<i aria-hidden=\"true\" class=\"fas fa-search\"><\/i>\t\t\t\t<\/div>\n\t\t\t\t\t\t\t\t<div class=\"elementor-search-form__container\">\n\t\t\t\t\t<label class=\"elementor-screen-only\" for=\"elementor-search-form-21ef9ce4\">Szukaj<\/label>\n\n\t\t\t\t\t\n\t\t\t\t\t<input id=\"elementor-search-form-21ef9ce4\" placeholder=\"\" class=\"elementor-search-form__input\" type=\"search\" name=\"s\" value=\"\">\n\t\t\t\t\t\n\t\t\t\t\t\n\t\t\t\t\t\t\t\t\t\t<div class=\"dialog-lightbox-close-button dialog-close-button\" role=\"button\" tabindex=\"0\" aria-label=\"Close this search box.\">\n\t\t\t\t\t\t<i aria-hidden=\"true\" class=\"eicon-close\"><\/i>\t\t\t\t\t<\/div>\n\t\t\t\t\t\t\t\t\t<\/div>\n\t\t\t<\/form>\n\t\t<\/search>\n\t\t\t\t\t\t<\/div>\n\t\t\t\t<\/div>\n\t\t\t\t\t<\/div>\n\t\t<\/div>\n\t\t\t\t\t<\/div>\n\t\t<\/section>\n\t\t\t\t<section class=\"elementor-section elementor-inner-section elementor-element elementor-element-6927b934 elementor-section-boxed elementor-section-height-default elementor-section-height-default\" data-id=\"6927b934\" data-element_type=\"section\" data-settings=\"{&quot;background_background&quot;:&quot;classic&quot;}\">\n\t\t\t\t\t\t<div class=\"elementor-container elementor-column-gap-default\">\n\t\t\t\t\t<div class=\"elementor-column elementor-col-33 elementor-inner-column elementor-element elementor-element-4184d1a2\" data-id=\"4184d1a2\" data-element_type=\"column\">\n\t\t\t<div class=\"elementor-widget-wrap elementor-element-populated\">\n\t\t\t\t\t\t<div class=\"elementor-element elementor-element-7db0f3f6 elementor-widget elementor-widget-image\" data-id=\"7db0f3f6\" data-element_type=\"widget\" data-widget_type=\"image.default\">\n\t\t\t\t<div class=\"elementor-widget-container\">\n\t\t\t\t\t\t\t\t\t\t\t\t\t\t\t\t<a href=\"https:\/\/motylkowewzgorze.pl\">\n\t\t\t\t\t\t\t<img decoding=\"async\" width=\"150\" height=\"150\" src=\"https:\/\/motylkowewzgorze.pl\/wp-content\/uploads\/2020\/12\/0001-3-150x150.jpg\" class=\"attachment-thumbnail size-thumbnail wp-image-63\" alt=\"\" srcset=\"https:\/\/motylkowewzgorze.pl\/wp-content\/uploads\/2020\/12\/0001-3-150x150.jpg 150w, https:\/\/motylkowewzgorze.pl\/wp-content\/uploads\/2020\/12\/0001-3-300x300.jpg 300w, https:\/\/motylkowewzgorze.pl\/wp-content\/uploads\/2020\/12\/0001-3-1024x1024.jpg 1024w, https:\/\/motylkowewzgorze.pl\/wp-content\/uploads\/2020\/12\/0001-3-768x768.jpg 768w, https:\/\/motylkowewzgorze.pl\/wp-content\/uploads\/2020\/12\/0001-3-1536x1536.jpg 1536w, https:\/\/motylkowewzgorze.pl\/wp-content\/uploads\/2020\/12\/0001-3-2048x2048.jpg 2048w, https:\/\/motylkowewzgorze.pl\/wp-content\/uploads\/2020\/12\/0001-3-1568x1568.jpg 1568w\" sizes=\"(max-width: 34.9rem) calc(100vw - 2rem), (max-width: 53rem) calc(8 * (100vw \/ 12)), (min-width: 53rem) calc(6 * (100vw \/ 12)), 100vw\" \/>\t\t\t\t\t\t\t\t<\/a>\n\t\t\t\t\t\t\t\t\t\t\t\t\t\t\t<\/div>\n\t\t\t\t<\/div>\n\t\t\t\t\t<\/div>\n\t\t<\/div>\n\t\t\t\t<div class=\"elementor-column elementor-col-33 elementor-inner-column elementor-element elementor-element-b76c074\" data-id=\"b76c074\" data-element_type=\"column\">\n\t\t\t<div class=\"elementor-widget-wrap elementor-element-populated\">\n\t\t\t\t\t\t<div class=\"elementor-element elementor-element-46991919 elementor-nav-menu__align-center elementor-nav-menu--stretch elementor-nav-menu__text-align-center elementor-nav-menu--dropdown-tablet elementor-nav-menu--toggle elementor-nav-menu--burger elementor-widget elementor-widget-nav-menu\" data-id=\"46991919\" data-element_type=\"widget\" data-settings=\"{&quot;full_width&quot;:&quot;stretch&quot;,&quot;layout&quot;:&quot;horizontal&quot;,&quot;submenu_icon&quot;:{&quot;value&quot;:&quot;&lt;i class=\\&quot;fas fa-caret-down\\&quot; aria-hidden=\\&quot;true\\&quot;&gt;&lt;\\\/i&gt;&quot;,&quot;library&quot;:&quot;fa-solid&quot;},&quot;toggle&quot;:&quot;burger&quot;}\" data-widget_type=\"nav-menu.default\">\n\t\t\t\t<div class=\"elementor-widget-container\">\n\t\t\t\t\t\t\t\t<nav aria-label=\"Menu\" class=\"elementor-nav-menu--main elementor-nav-menu__container elementor-nav-menu--layout-horizontal e--pointer-underline e--animation-fade\">\n\t\t\t\t<ul id=\"menu-1-46991919\" class=\"elementor-nav-menu\"><li class=\"menu-item menu-item-type-post_type menu-item-object-page menu-item-410\"><a href=\"https:\/\/motylkowewzgorze.pl\/index.php\/aktualnosci\/\" class=\"elementor-item\">Aktualno\u015bci<\/a><\/li>\n<li class=\"menu-item menu-item-type-post_type menu-item-object-page menu-item-has-children menu-item-20\"><a href=\"https:\/\/motylkowewzgorze.pl\/index.php\/o-nas\/\" aria-haspopup=\"true\" aria-expanded=\"false\" class=\"elementor-item\">O nas<\/a>\n<ul class=\"sub-menu elementor-nav-menu--dropdown\">\n\t<li class=\"menu-item menu-item-type-post_type menu-item-object-page menu-item-311\"><a href=\"https:\/\/motylkowewzgorze.pl\/index.php\/zarzad\/\" class=\"elementor-sub-item\">Zarz\u0105d<\/a><\/li>\n\t<li class=\"menu-item menu-item-type-post_type menu-item-object-page menu-item-312\"><a href=\"https:\/\/motylkowewzgorze.pl\/index.php\/pisza-o-nas\/\" class=\"elementor-sub-item\">Pisz\u0105 o nas<\/a><\/li>\n<\/ul>\n<\/li>\n<li class=\"menu-item menu-item-type-post_type menu-item-object-page menu-item-has-children menu-item-19\"><a href=\"https:\/\/motylkowewzgorze.pl\/index.php\/oferta\/\" aria-haspopup=\"true\" aria-expanded=\"false\" class=\"elementor-item\">Oferta<\/a>\n<ul class=\"sub-menu elementor-nav-menu--dropdown\">\n\t<li class=\"menu-item menu-item-type-post_type menu-item-object-page menu-item-1007\"><a href=\"https:\/\/motylkowewzgorze.pl\/index.php\/rodzinny-dom-pomocy-spolecznej\/\" class=\"elementor-sub-item\">Rodzinny Dom Pomocy Spo\u0142ecznej<\/a><\/li>\n\t<li class=\"menu-item menu-item-type-post_type menu-item-object-page menu-item-1013\"><a href=\"https:\/\/motylkowewzgorze.pl\/index.php\/uslugi-opiekuncze\/\" class=\"elementor-sub-item\">Us\u0142ugi opieku\u0144cze<\/a><\/li>\n\t<li class=\"menu-item menu-item-type-post_type menu-item-object-page menu-item-1028\"><a href=\"https:\/\/motylkowewzgorze.pl\/index.php\/uslugi-rehabilitacyjne\/\" class=\"elementor-sub-item\">Us\u0142ugi rehabilitacyjne<\/a><\/li>\n<\/ul>\n<\/li>\n<li class=\"menu-item menu-item-type-post_type menu-item-object-page menu-item-21\"><a href=\"https:\/\/motylkowewzgorze.pl\/index.php\/kontakt\/\" class=\"elementor-item\">KONTAKT<\/a><\/li>\n<\/ul>\t\t\t<\/nav>\n\t\t\t\t\t<div class=\"elementor-menu-toggle\" role=\"button\" tabindex=\"0\" aria-label=\"Menu Toggle\" aria-expanded=\"false\">\n\t\t\t<i aria-hidden=\"true\" role=\"presentation\" class=\"elementor-menu-toggle__icon--open eicon-menu-bar\"><\/i><i aria-hidden=\"true\" role=\"presentation\" class=\"elementor-menu-toggle__icon--close eicon-close\"><\/i>\t\t<\/div>\n\t\t\t\t\t<nav class=\"elementor-nav-menu--dropdown elementor-nav-menu__container\" aria-hidden=\"true\">\n\t\t\t\t<ul id=\"menu-2-46991919\" class=\"elementor-nav-menu\"><li class=\"menu-item menu-item-type-post_type menu-item-object-page menu-item-410\"><a href=\"https:\/\/motylkowewzgorze.pl\/index.php\/aktualnosci\/\" class=\"elementor-item\" tabindex=\"-1\">Aktualno\u015bci<\/a><\/li>\n<li class=\"menu-item menu-item-type-post_type menu-item-object-page menu-item-has-children menu-item-20\"><a href=\"https:\/\/motylkowewzgorze.pl\/index.php\/o-nas\/\" aria-haspopup=\"true\" aria-expanded=\"false\" class=\"elementor-item\" tabindex=\"-1\">O nas<\/a>\n<ul class=\"sub-menu elementor-nav-menu--dropdown\">\n\t<li class=\"menu-item menu-item-type-post_type menu-item-object-page menu-item-311\"><a href=\"https:\/\/motylkowewzgorze.pl\/index.php\/zarzad\/\" class=\"elementor-sub-item\" tabindex=\"-1\">Zarz\u0105d<\/a><\/li>\n\t<li class=\"menu-item menu-item-type-post_type menu-item-object-page menu-item-312\"><a href=\"https:\/\/motylkowewzgorze.pl\/index.php\/pisza-o-nas\/\" class=\"elementor-sub-item\" tabindex=\"-1\">Pisz\u0105 o nas<\/a><\/li>\n<\/ul>\n<\/li>\n<li class=\"menu-item menu-item-type-post_type menu-item-object-page menu-item-has-children menu-item-19\"><a href=\"https:\/\/motylkowewzgorze.pl\/index.php\/oferta\/\" aria-haspopup=\"true\" aria-expanded=\"false\" class=\"elementor-item\" tabindex=\"-1\">Oferta<\/a>\n<ul class=\"sub-menu elementor-nav-menu--dropdown\">\n\t<li class=\"menu-item menu-item-type-post_type menu-item-object-page menu-item-1007\"><a href=\"https:\/\/motylkowewzgorze.pl\/index.php\/rodzinny-dom-pomocy-spolecznej\/\" class=\"elementor-sub-item\" tabindex=\"-1\">Rodzinny Dom Pomocy Spo\u0142ecznej<\/a><\/li>\n\t<li class=\"menu-item menu-item-type-post_type menu-item-object-page menu-item-1013\"><a href=\"https:\/\/motylkowewzgorze.pl\/index.php\/uslugi-opiekuncze\/\" class=\"elementor-sub-item\" tabindex=\"-1\">Us\u0142ugi opieku\u0144cze<\/a><\/li>\n\t<li class=\"menu-item menu-item-type-post_type menu-item-object-page menu-item-1028\"><a href=\"https:\/\/motylkowewzgorze.pl\/index.php\/uslugi-rehabilitacyjne\/\" class=\"elementor-sub-item\" tabindex=\"-1\">Us\u0142ugi rehabilitacyjne<\/a><\/li>\n<\/ul>\n<\/li>\n<li class=\"menu-item menu-item-type-post_type menu-item-object-page menu-item-21\"><a href=\"https:\/\/motylkowewzgorze.pl\/index.php\/kontakt\/\" class=\"elementor-item\" tabindex=\"-1\">KONTAKT<\/a><\/li>\n<\/ul>\t\t\t<\/nav>\n\t\t\t\t\t\t<\/div>\n\t\t\t\t<\/div>\n\t\t\t\t\t<\/div>\n\t\t<\/div>\n\t\t\t\t<div class=\"elementor-column elementor-col-33 elementor-inner-column elementor-element elementor-element-452d4246\" data-id=\"452d4246\" data-element_type=\"column\">\n\t\t\t<div class=\"elementor-widget-wrap elementor-element-populated\">\n\t\t\t\t\t\t<div class=\"elementor-element elementor-element-275e55ce elementor-icon-list--layout-inline elementor-align-right elementor-mobile-align-left elementor-list-item-link-full_width elementor-widget elementor-widget-icon-list\" data-id=\"275e55ce\" data-element_type=\"widget\" data-widget_type=\"icon-list.default\">\n\t\t\t\t<div class=\"elementor-widget-container\">\n\t\t\t\t\t\t\t<ul class=\"elementor-icon-list-items elementor-inline-items\">\n\t\t\t\t\t\t\t<li class=\"elementor-icon-list-item elementor-inline-item\">\n\t\t\t\t\t\t\t\t\t\t\t<span class=\"elementor-icon-list-icon\">\n\t\t\t\t\t\t\t<i aria-hidden=\"true\" class=\"fab fa-facebook-f\"><\/i>\t\t\t\t\t\t<\/span>\n\t\t\t\t\t\t\t\t\t\t<span class=\"elementor-icon-list-text\"><\/span>\n\t\t\t\t\t\t\t\t\t<\/li>\n\t\t\t\t\t\t<\/ul>\n\t\t\t\t\t\t<\/div>\n\t\t\t\t<\/div>\n\t\t\t\t\t<\/div>\n\t\t<\/div>\n\t\t\t\t\t<\/div>\n\t\t<\/section>\n\t\t\t\t\t<\/div>\n\t\t<\/div>\n\t\t\t\t\t<\/div>\n\t\t<\/section>\n\t\t\t\t<section class=\"elementor-section elementor-top-section elementor-element elementor-element-761a5189 elementor-section-height-min-height elementor-section-boxed elementor-section-height-default elementor-section-items-middle elementor-invisible\" data-id=\"761a5189\" data-element_type=\"section\" data-settings=\"{&quot;background_background&quot;:&quot;classic&quot;,&quot;animation&quot;:&quot;pulse&quot;}\">\n\t\t\t\t\t\t\t<div class=\"elementor-background-overlay\"><\/div>\n\t\t\t\t\t\t\t<div class=\"elementor-container elementor-column-gap-no\">\n\t\t\t\t\t<div class=\"elementor-column elementor-col-100 elementor-top-column elementor-element elementor-element-2f9e5b07\" data-id=\"2f9e5b07\" data-element_type=\"column\">\n\t\t\t<div class=\"elementor-widget-wrap elementor-element-populated\">\n\t\t\t\t\t\t<div class=\"elementor-element elementor-element-1c544a03 elementor-widget elementor-widget-text-editor\" data-id=\"1c544a03\" data-element_type=\"widget\" data-widget_type=\"text-editor.default\">\n\t\t\t\t<div class=\"elementor-widget-container\">\n\t\t\t\t\t\t\t\t\t<p style=\"text-align: center;\">Zarz\u0105d<\/p>\t\t\t\t\t\t\t\t<\/div>\n\t\t\t\t<\/div>\n\t\t\t\t\t<\/div>\n\t\t<\/div>\n\t\t\t\t\t<\/div>\n\t\t<\/section>\n\t\t\t\t<section class=\"elementor-section elementor-top-section elementor-element elementor-element-5d024ccc elementor-section-full_width elementor-section-height-min-height elementor-section-items-stretch elementor-reverse-tablet elementor-reverse-mobile elementor-section-height-default\" data-id=\"5d024ccc\" data-element_type=\"section\">\n\t\t\t\t\t\t<div class=\"elementor-container elementor-column-gap-default\">\n\t\t\t\t\t<div class=\"elementor-column elementor-col-50 elementor-top-column elementor-element elementor-element-76e39912\" data-id=\"76e39912\" data-element_type=\"column\" data-settings=\"{&quot;background_background&quot;:&quot;classic&quot;}\">\n\t\t\t<div class=\"elementor-widget-wrap elementor-element-populated\">\n\t\t\t\t\t\t<div class=\"elementor-element elementor-element-d7f8040 elementor-widget elementor-widget-image\" data-id=\"d7f8040\" data-element_type=\"widget\" data-widget_type=\"image.default\">\n\t\t\t\t<div class=\"elementor-widget-container\">\n\t\t\t\t\t\t\t\t\t\t\t\t\t\t\t<img fetchpriority=\"high\" decoding=\"async\" width=\"2560\" height=\"2560\" src=\"https:\/\/motylkowewzgorze.pl\/wp-content\/uploads\/2020\/12\/0001-3-scaled.jpg\" class=\"attachment-full size-full wp-image-63\" alt=\"\" srcset=\"https:\/\/motylkowewzgorze.pl\/wp-content\/uploads\/2020\/12\/0001-3-scaled.jpg 2560w, https:\/\/motylkowewzgorze.pl\/wp-content\/uploads\/2020\/12\/0001-3-300x300.jpg 300w, https:\/\/motylkowewzgorze.pl\/wp-content\/uploads\/2020\/12\/0001-3-1024x1024.jpg 1024w, https:\/\/motylkowewzgorze.pl\/wp-content\/uploads\/2020\/12\/0001-3-150x150.jpg 150w, https:\/\/motylkowewzgorze.pl\/wp-content\/uploads\/2020\/12\/0001-3-768x768.jpg 768w, https:\/\/motylkowewzgorze.pl\/wp-content\/uploads\/2020\/12\/0001-3-1536x1536.jpg 1536w, https:\/\/motylkowewzgorze.pl\/wp-content\/uploads\/2020\/12\/0001-3-2048x2048.jpg 2048w, https:\/\/motylkowewzgorze.pl\/wp-content\/uploads\/2020\/12\/0001-3-1568x1568.jpg 1568w\" sizes=\"(max-width: 2560px) 100vw, 2560px\" \/>\t\t\t\t\t\t\t\t\t\t\t\t\t\t\t<\/div>\n\t\t\t\t<\/div>\n\t\t\t\t\t<\/div>\n\t\t<\/div>\n\t\t\t\t<div class=\"elementor-column elementor-col-50 elementor-top-column elementor-element elementor-element-6632df37\" data-id=\"6632df37\" data-element_type=\"column\">\n\t\t\t<div class=\"elementor-widget-wrap elementor-element-populated\">\n\t\t\t\t\t\t<div class=\"elementor-element elementor-element-3b6ae51f elementor-widget elementor-widget-text-editor\" data-id=\"3b6ae51f\" data-element_type=\"widget\" data-widget_type=\"text-editor.default\">\n\t\t\t\t<div class=\"elementor-widget-container\">\n\t\t\t\t\t\t\t\t\t<p><b>Prezes Zarz\u0105du: <\/b>Kinga Prostak\u00a0<\/p><p><b>Wiceprezes Zarz\u0105du: <\/b>Agnieszka \u017bak<\/p><p><b>Skarbnik: <\/b>Edyta Doma\u0144ska<\/p><p><b>Cz\u0142onek Zarz\u0105du: <\/b>R\u00f3\u017ca Maria G\u0142owacka<\/p><p><b>Cz\u0142onek Zarz\u0105du:<\/b> Grzegorz Jaremi Roszczyk<\/p>\t\t\t\t\t\t\t\t<\/div>\n\t\t\t\t<\/div>\n\t\t\t\t\t<\/div>\n\t\t<\/div>\n\t\t\t\t\t<\/div>\n\t\t<\/section>\n\t\t\t\t<section class=\"elementor-section elementor-top-section elementor-element elementor-element-6a17bd0c elementor-section-content-middle elementor-section-boxed elementor-section-height-default elementor-section-height-default\" data-id=\"6a17bd0c\" data-element_type=\"section\" data-settings=\"{&quot;background_background&quot;:&quot;classic&quot;}\">\n\t\t\t\t\t\t<div class=\"elementor-container elementor-column-gap-no\">\n\t\t\t\t\t<div class=\"elementor-column elementor-col-50 elementor-top-column elementor-element elementor-element-2eacd7ed\" data-id=\"2eacd7ed\" data-element_type=\"column\">\n\t\t\t<div class=\"elementor-widget-wrap elementor-element-populated\">\n\t\t\t\t\t\t<div class=\"elementor-element elementor-element-183b1b5d elementor-widget elementor-widget-text-editor\" data-id=\"183b1b5d\" data-element_type=\"widget\" data-widget_type=\"text-editor.default\">\n\t\t\t\t<div class=\"elementor-widget-container\">\n\t\t\t\t\t\t\t\t\t<p>COPYRIGHT \u00a9 2020 MOTYLKOWE WZG\u00d3RZE. ALL RIGHTS RESERVED. CREATED BY<\/p>\t\t\t\t\t\t\t\t<\/div>\n\t\t\t\t<\/div>\n\t\t\t\t\t<\/div>\n\t\t<\/div>\n\t\t\t\t<div class=\"elementor-column elementor-col-50 elementor-top-column elementor-element elementor-element-213b257e\" data-id=\"213b257e\" data-element_type=\"column\">\n\t\t\t<div class=\"elementor-widget-wrap elementor-element-populated\">\n\t\t\t\t\t\t<div class=\"elementor-element elementor-element-2307a80d elementor-widget elementor-widget-image\" data-id=\"2307a80d\" data-element_type=\"widget\" data-widget_type=\"image.default\">\n\t\t\t\t<div class=\"elementor-widget-container\">\n\t\t\t\t\t\t\t\t\t\t\t\t\t\t\t\t<a href=\"http:\/\/czarnestudio.com\/\">\n\t\t\t\t\t\t\t<img decoding=\"async\" width=\"300\" height=\"262\" src=\"https:\/\/motylkowewzgorze.pl\/wp-content\/uploads\/2020\/12\/Czarne-Studio-logo-z-ramka-biale-bez-tla-2-300x262.png\" class=\"attachment-medium size-medium wp-image-84\" alt=\"\" srcset=\"https:\/\/motylkowewzgorze.pl\/wp-content\/uploads\/2020\/12\/Czarne-Studio-logo-z-ramka-biale-bez-tla-2-300x262.png 300w, https:\/\/motylkowewzgorze.pl\/wp-content\/uploads\/2020\/12\/Czarne-Studio-logo-z-ramka-biale-bez-tla-2-1024x896.png 1024w, https:\/\/motylkowewzgorze.pl\/wp-content\/uploads\/2020\/12\/Czarne-Studio-logo-z-ramka-biale-bez-tla-2-768x672.png 768w, https:\/\/motylkowewzgorze.pl\/wp-content\/uploads\/2020\/12\/Czarne-Studio-logo-z-ramka-biale-bez-tla-2-1536x1344.png 1536w, https:\/\/motylkowewzgorze.pl\/wp-content\/uploads\/2020\/12\/Czarne-Studio-logo-z-ramka-biale-bez-tla-2-2048x1792.png 2048w, https:\/\/motylkowewzgorze.pl\/wp-content\/uploads\/2020\/12\/Czarne-Studio-logo-z-ramka-biale-bez-tla-2-1568x1372.png 1568w\" sizes=\"(max-width: 300px) 100vw, 300px\" \/>\t\t\t\t\t\t\t\t<\/a>\n\t\t\t\t\t\t\t\t\t\t\t\t\t\t\t<\/div>\n\t\t\t\t<\/div>\n\t\t\t\t\t<\/div>\n\t\t<\/div>\n\t\t\t\t\t<\/div>\n\t\t<\/section>\n\t\t\t\t<\/div>\n\t\t","protected":false},"excerpt":{"rendered":"<p>504-707-352 Zarz\u0105d Prezes Zarz\u0105du: Kinga Prostak\u00a0 Wiceprezes Zarz\u0105du: Agnieszka \u017bak Skarbnik: Edyta Doma\u0144ska Cz\u0142onek Zarz\u0105du: R\u00f3\u017ca Maria G\u0142owacka Cz\u0142onek Zarz\u0105du: Grzegorz Jaremi Roszczyk COPYRIGHT \u00a9 2020 MOTYLKOWE WZG\u00d3RZE. ALL RIGHTS RESERVED. CREATED BY<\/p>\n","protected":false},"author":1,"featured_media":0,"parent":0,"menu_order":0,"comment_status":"closed","ping_status":"closed","template":"elementor_canvas","meta":{"footnotes":""},"class_list":["post-305","page","type-page","status-publish","hentry","entry"],"_links":{"self":[{"href":"https:\/\/motylkowewzgorze.pl\/index.php\/wp-json\/wp\/v2\/pages\/305","targetHints":{"allow":["GET"]}}],"collection":[{"href":"https:\/\/motylkowewzgorze.pl\/index.php\/wp-json\/wp\/v2\/pages"}],"about":[{"href":"https:\/\/motylkowewzgorze.pl\/index.php\/wp-json\/wp\/v2\/types\/page"}],"author":[{"embeddable":true,"href":"https:\/\/motylkowewzgorze.pl\/index.php\/wp-json\/wp\/v2\/users\/1"}],"replies":[{"embeddable":true,"href":"https:\/\/motylkowewzgorze.pl\/index.php\/wp-json\/wp\/v2\/comments?post=305"}],"version-history":[{"count":4,"href":"https:\/\/motylkowewzgorze.pl\/index.php\/wp-json\/wp\/v2\/pages\/305\/revisions"}],"predecessor-version":[{"id":310,"href":"https:\/\/motylkowewzgorze.pl\/index.php\/wp-json\/wp\/v2\/pages\/305\/revisions\/310"}],"wp:attachment":[{"href":"https:\/\/motylkowewzgorze.pl\/index.php\/wp-json\/wp\/v2\/media?parent=305"}],"curies":[{"name":"wp","href":"https:\/\/api.w.org\/{rel}","templated":true}]}}