{"id":291,"date":"2021-01-18T21:34:14","date_gmt":"2021-01-18T21:34:14","guid":{"rendered":"https:\/\/motylkowewzgorze.pl\/?page_id=291"},"modified":"2021-01-18T22:04:30","modified_gmt":"2021-01-18T22:04:30","slug":"pisza-o-nas","status":"publish","type":"page","link":"https:\/\/motylkowewzgorze.pl\/index.php\/pisza-o-nas\/","title":{"rendered":"Pisz\u0105 o nas"},"content":{"rendered":"\t\t<div data-elementor-type=\"wp-page\" data-elementor-id=\"291\" class=\"elementor elementor-291\" data-elementor-post-type=\"page\">\n\t\t\t\t\t\t<section class=\"elementor-section elementor-top-section elementor-element elementor-element-3536acbc elementor-section-full_width elementor-section-height-default elementor-section-height-default\" data-id=\"3536acbc\" data-element_type=\"section\" id=\"header_pop\" data-settings=\"{&quot;sticky&quot;:&quot;top&quot;,&quot;sticky_on&quot;:[&quot;desktop&quot;,&quot;tablet&quot;,&quot;mobile&quot;],&quot;sticky_offset&quot;:0,&quot;sticky_effects_offset&quot;:0,&quot;sticky_anchor_link_offset&quot;:0}\">\n\t\t\t\t\t\t<div class=\"elementor-container elementor-column-gap-default\">\n\t\t\t\t\t<div class=\"elementor-column elementor-col-100 elementor-top-column elementor-element elementor-element-29ee0e41\" data-id=\"29ee0e41\" data-element_type=\"column\">\n\t\t\t<div class=\"elementor-widget-wrap elementor-element-populated\">\n\t\t\t\t\t\t<section class=\"elementor-section elementor-inner-section elementor-element elementor-element-36525016 elementor-reverse-mobile elementor-section-boxed elementor-section-height-default elementor-section-height-default\" data-id=\"36525016\" data-element_type=\"section\" data-settings=\"{&quot;background_background&quot;:&quot;classic&quot;}\">\n\t\t\t\t\t\t<div class=\"elementor-container elementor-column-gap-default\">\n\t\t\t\t\t<div class=\"elementor-column elementor-col-50 elementor-inner-column elementor-element elementor-element-1c9ea53d elementor-hidden-phone\" data-id=\"1c9ea53d\" data-element_type=\"column\">\n\t\t\t<div class=\"elementor-widget-wrap elementor-element-populated\">\n\t\t\t\t\t\t<div class=\"elementor-element elementor-element-3a486ff6 elementor-icon-list--layout-inline elementor-align-left elementor-mobile-align-center elementor-list-item-link-full_width elementor-widget elementor-widget-icon-list\" data-id=\"3a486ff6\" data-element_type=\"widget\" data-widget_type=\"icon-list.default\">\n\t\t\t\t<div class=\"elementor-widget-container\">\n\t\t\t\t\t\t\t<ul class=\"elementor-icon-list-items elementor-inline-items\">\n\t\t\t\t\t\t\t<li class=\"elementor-icon-list-item elementor-inline-item\">\n\t\t\t\t\t\t\t\t\t\t\t<span class=\"elementor-icon-list-icon\">\n\t\t\t\t\t\t\t<i aria-hidden=\"true\" class=\"fas fa-phone\"><\/i>\t\t\t\t\t\t<\/span>\n\t\t\t\t\t\t\t\t\t\t<span class=\"elementor-icon-list-text\">504-707-352<\/span>\n\t\t\t\t\t\t\t\t\t<\/li>\n\t\t\t\t\t\t<\/ul>\n\t\t\t\t\t\t<\/div>\n\t\t\t\t<\/div>\n\t\t\t\t\t<\/div>\n\t\t<\/div>\n\t\t\t\t<div class=\"elementor-column elementor-col-50 elementor-inner-column elementor-element elementor-element-4678b61c\" data-id=\"4678b61c\" data-element_type=\"column\">\n\t\t\t<div class=\"elementor-widget-wrap elementor-element-populated\">\n\t\t\t\t\t\t<div class=\"elementor-element elementor-element-3ba46803 elementor-search-form--skin-full_screen elementor-widget elementor-widget-search-form\" data-id=\"3ba46803\" data-element_type=\"widget\" data-settings=\"{&quot;skin&quot;:&quot;full_screen&quot;}\" data-widget_type=\"search-form.default\">\n\t\t\t\t<div class=\"elementor-widget-container\">\n\t\t\t\t\t\t\t<search role=\"search\">\n\t\t\t<form class=\"elementor-search-form\" action=\"https:\/\/motylkowewzgorze.pl\" method=\"get\">\n\t\t\t\t\t\t\t\t\t\t\t\t<div class=\"elementor-search-form__toggle\" role=\"button\" tabindex=\"0\" aria-label=\"Szukaj\">\n\t\t\t\t\t<i aria-hidden=\"true\" class=\"fas fa-search\"><\/i>\t\t\t\t<\/div>\n\t\t\t\t\t\t\t\t<div class=\"elementor-search-form__container\">\n\t\t\t\t\t<label class=\"elementor-screen-only\" for=\"elementor-search-form-3ba46803\">Szukaj<\/label>\n\n\t\t\t\t\t\n\t\t\t\t\t<input id=\"elementor-search-form-3ba46803\" placeholder=\"\" class=\"elementor-search-form__input\" type=\"search\" name=\"s\" value=\"\">\n\t\t\t\t\t\n\t\t\t\t\t\n\t\t\t\t\t\t\t\t\t\t<div class=\"dialog-lightbox-close-button dialog-close-button\" role=\"button\" tabindex=\"0\" aria-label=\"Close this search box.\">\n\t\t\t\t\t\t<i aria-hidden=\"true\" class=\"eicon-close\"><\/i>\t\t\t\t\t<\/div>\n\t\t\t\t\t\t\t\t\t<\/div>\n\t\t\t<\/form>\n\t\t<\/search>\n\t\t\t\t\t\t<\/div>\n\t\t\t\t<\/div>\n\t\t\t\t\t<\/div>\n\t\t<\/div>\n\t\t\t\t\t<\/div>\n\t\t<\/section>\n\t\t\t\t<section class=\"elementor-section elementor-inner-section elementor-element elementor-element-5e6e3cdd elementor-section-boxed elementor-section-height-default elementor-section-height-default\" data-id=\"5e6e3cdd\" data-element_type=\"section\" data-settings=\"{&quot;background_background&quot;:&quot;classic&quot;}\">\n\t\t\t\t\t\t<div class=\"elementor-container elementor-column-gap-default\">\n\t\t\t\t\t<div class=\"elementor-column elementor-col-33 elementor-inner-column elementor-element elementor-element-5278e49a\" data-id=\"5278e49a\" data-element_type=\"column\">\n\t\t\t<div class=\"elementor-widget-wrap elementor-element-populated\">\n\t\t\t\t\t\t<div class=\"elementor-element elementor-element-e2b6aea elementor-widget elementor-widget-image\" data-id=\"e2b6aea\" data-element_type=\"widget\" data-widget_type=\"image.default\">\n\t\t\t\t<div class=\"elementor-widget-container\">\n\t\t\t\t\t\t\t\t\t\t\t\t\t\t\t\t<a href=\"https:\/\/motylkowewzgorze.pl\">\n\t\t\t\t\t\t\t<img decoding=\"async\" width=\"150\" height=\"150\" src=\"https:\/\/motylkowewzgorze.pl\/wp-content\/uploads\/2020\/12\/0001-3-150x150.jpg\" class=\"attachment-thumbnail size-thumbnail wp-image-63\" alt=\"\" srcset=\"https:\/\/motylkowewzgorze.pl\/wp-content\/uploads\/2020\/12\/0001-3-150x150.jpg 150w, https:\/\/motylkowewzgorze.pl\/wp-content\/uploads\/2020\/12\/0001-3-300x300.jpg 300w, https:\/\/motylkowewzgorze.pl\/wp-content\/uploads\/2020\/12\/0001-3-1024x1024.jpg 1024w, https:\/\/motylkowewzgorze.pl\/wp-content\/uploads\/2020\/12\/0001-3-768x768.jpg 768w, https:\/\/motylkowewzgorze.pl\/wp-content\/uploads\/2020\/12\/0001-3-1536x1536.jpg 1536w, https:\/\/motylkowewzgorze.pl\/wp-content\/uploads\/2020\/12\/0001-3-2048x2048.jpg 2048w, https:\/\/motylkowewzgorze.pl\/wp-content\/uploads\/2020\/12\/0001-3-1568x1568.jpg 1568w\" sizes=\"(max-width: 34.9rem) calc(100vw - 2rem), (max-width: 53rem) calc(8 * (100vw \/ 12)), (min-width: 53rem) calc(6 * (100vw \/ 12)), 100vw\" \/>\t\t\t\t\t\t\t\t<\/a>\n\t\t\t\t\t\t\t\t\t\t\t\t\t\t\t<\/div>\n\t\t\t\t<\/div>\n\t\t\t\t\t<\/div>\n\t\t<\/div>\n\t\t\t\t<div class=\"elementor-column elementor-col-33 elementor-inner-column elementor-element elementor-element-77c78190\" data-id=\"77c78190\" data-element_type=\"column\">\n\t\t\t<div class=\"elementor-widget-wrap elementor-element-populated\">\n\t\t\t\t\t\t<div class=\"elementor-element elementor-element-5610d24 elementor-nav-menu__align-center elementor-nav-menu--stretch elementor-nav-menu__text-align-center elementor-nav-menu--dropdown-tablet elementor-nav-menu--toggle elementor-nav-menu--burger elementor-widget elementor-widget-nav-menu\" data-id=\"5610d24\" data-element_type=\"widget\" data-settings=\"{&quot;full_width&quot;:&quot;stretch&quot;,&quot;layout&quot;:&quot;horizontal&quot;,&quot;submenu_icon&quot;:{&quot;value&quot;:&quot;&lt;i class=\\&quot;fas fa-caret-down\\&quot; aria-hidden=\\&quot;true\\&quot;&gt;&lt;\\\/i&gt;&quot;,&quot;library&quot;:&quot;fa-solid&quot;},&quot;toggle&quot;:&quot;burger&quot;}\" data-widget_type=\"nav-menu.default\">\n\t\t\t\t<div class=\"elementor-widget-container\">\n\t\t\t\t\t\t\t\t<nav aria-label=\"Menu\" class=\"elementor-nav-menu--main elementor-nav-menu__container elementor-nav-menu--layout-horizontal e--pointer-underline e--animation-fade\">\n\t\t\t\t<ul id=\"menu-1-5610d24\" class=\"elementor-nav-menu\"><li class=\"menu-item menu-item-type-post_type menu-item-object-page menu-item-410\"><a href=\"https:\/\/motylkowewzgorze.pl\/index.php\/aktualnosci\/\" class=\"elementor-item\">Aktualno\u015bci<\/a><\/li>\n<li class=\"menu-item menu-item-type-post_type menu-item-object-page menu-item-has-children menu-item-20\"><a href=\"https:\/\/motylkowewzgorze.pl\/index.php\/o-nas\/\" aria-haspopup=\"true\" aria-expanded=\"false\" class=\"elementor-item\">O nas<\/a>\n<ul class=\"sub-menu elementor-nav-menu--dropdown\">\n\t<li class=\"menu-item menu-item-type-post_type menu-item-object-page menu-item-311\"><a href=\"https:\/\/motylkowewzgorze.pl\/index.php\/zarzad\/\" class=\"elementor-sub-item\">Zarz\u0105d<\/a><\/li>\n\t<li class=\"menu-item menu-item-type-post_type menu-item-object-page menu-item-312\"><a href=\"https:\/\/motylkowewzgorze.pl\/index.php\/pisza-o-nas\/\" class=\"elementor-sub-item\">Pisz\u0105 o nas<\/a><\/li>\n<\/ul>\n<\/li>\n<li class=\"menu-item menu-item-type-post_type menu-item-object-page menu-item-has-children menu-item-19\"><a href=\"https:\/\/motylkowewzgorze.pl\/index.php\/oferta\/\" aria-haspopup=\"true\" aria-expanded=\"false\" class=\"elementor-item\">Oferta<\/a>\n<ul class=\"sub-menu elementor-nav-menu--dropdown\">\n\t<li class=\"menu-item menu-item-type-post_type menu-item-object-page menu-item-1007\"><a href=\"https:\/\/motylkowewzgorze.pl\/index.php\/rodzinny-dom-pomocy-spolecznej\/\" class=\"elementor-sub-item\">Rodzinny Dom Pomocy Spo\u0142ecznej<\/a><\/li>\n\t<li class=\"menu-item menu-item-type-post_type menu-item-object-page menu-item-1013\"><a href=\"https:\/\/motylkowewzgorze.pl\/index.php\/uslugi-opiekuncze\/\" class=\"elementor-sub-item\">Us\u0142ugi opieku\u0144cze<\/a><\/li>\n\t<li class=\"menu-item menu-item-type-post_type menu-item-object-page menu-item-1028\"><a href=\"https:\/\/motylkowewzgorze.pl\/index.php\/uslugi-rehabilitacyjne\/\" class=\"elementor-sub-item\">Us\u0142ugi rehabilitacyjne<\/a><\/li>\n<\/ul>\n<\/li>\n<li class=\"menu-item menu-item-type-post_type menu-item-object-page menu-item-21\"><a href=\"https:\/\/motylkowewzgorze.pl\/index.php\/kontakt\/\" class=\"elementor-item\">KONTAKT<\/a><\/li>\n<\/ul>\t\t\t<\/nav>\n\t\t\t\t\t<div class=\"elementor-menu-toggle\" role=\"button\" tabindex=\"0\" aria-label=\"Menu Toggle\" aria-expanded=\"false\">\n\t\t\t<i aria-hidden=\"true\" role=\"presentation\" class=\"elementor-menu-toggle__icon--open eicon-menu-bar\"><\/i><i aria-hidden=\"true\" role=\"presentation\" class=\"elementor-menu-toggle__icon--close eicon-close\"><\/i>\t\t<\/div>\n\t\t\t\t\t<nav class=\"elementor-nav-menu--dropdown elementor-nav-menu__container\" aria-hidden=\"true\">\n\t\t\t\t<ul id=\"menu-2-5610d24\" class=\"elementor-nav-menu\"><li class=\"menu-item menu-item-type-post_type menu-item-object-page menu-item-410\"><a href=\"https:\/\/motylkowewzgorze.pl\/index.php\/aktualnosci\/\" class=\"elementor-item\" tabindex=\"-1\">Aktualno\u015bci<\/a><\/li>\n<li class=\"menu-item menu-item-type-post_type menu-item-object-page menu-item-has-children menu-item-20\"><a href=\"https:\/\/motylkowewzgorze.pl\/index.php\/o-nas\/\" aria-haspopup=\"true\" aria-expanded=\"false\" class=\"elementor-item\" tabindex=\"-1\">O nas<\/a>\n<ul class=\"sub-menu elementor-nav-menu--dropdown\">\n\t<li class=\"menu-item menu-item-type-post_type menu-item-object-page menu-item-311\"><a href=\"https:\/\/motylkowewzgorze.pl\/index.php\/zarzad\/\" class=\"elementor-sub-item\" tabindex=\"-1\">Zarz\u0105d<\/a><\/li>\n\t<li class=\"menu-item menu-item-type-post_type menu-item-object-page menu-item-312\"><a href=\"https:\/\/motylkowewzgorze.pl\/index.php\/pisza-o-nas\/\" class=\"elementor-sub-item\" tabindex=\"-1\">Pisz\u0105 o nas<\/a><\/li>\n<\/ul>\n<\/li>\n<li class=\"menu-item menu-item-type-post_type menu-item-object-page menu-item-has-children menu-item-19\"><a href=\"https:\/\/motylkowewzgorze.pl\/index.php\/oferta\/\" aria-haspopup=\"true\" aria-expanded=\"false\" class=\"elementor-item\" tabindex=\"-1\">Oferta<\/a>\n<ul class=\"sub-menu elementor-nav-menu--dropdown\">\n\t<li class=\"menu-item menu-item-type-post_type menu-item-object-page menu-item-1007\"><a href=\"https:\/\/motylkowewzgorze.pl\/index.php\/rodzinny-dom-pomocy-spolecznej\/\" class=\"elementor-sub-item\" tabindex=\"-1\">Rodzinny Dom Pomocy Spo\u0142ecznej<\/a><\/li>\n\t<li class=\"menu-item menu-item-type-post_type menu-item-object-page menu-item-1013\"><a href=\"https:\/\/motylkowewzgorze.pl\/index.php\/uslugi-opiekuncze\/\" class=\"elementor-sub-item\" tabindex=\"-1\">Us\u0142ugi opieku\u0144cze<\/a><\/li>\n\t<li class=\"menu-item menu-item-type-post_type menu-item-object-page menu-item-1028\"><a href=\"https:\/\/motylkowewzgorze.pl\/index.php\/uslugi-rehabilitacyjne\/\" class=\"elementor-sub-item\" tabindex=\"-1\">Us\u0142ugi rehabilitacyjne<\/a><\/li>\n<\/ul>\n<\/li>\n<li class=\"menu-item menu-item-type-post_type menu-item-object-page menu-item-21\"><a href=\"https:\/\/motylkowewzgorze.pl\/index.php\/kontakt\/\" class=\"elementor-item\" tabindex=\"-1\">KONTAKT<\/a><\/li>\n<\/ul>\t\t\t<\/nav>\n\t\t\t\t\t\t<\/div>\n\t\t\t\t<\/div>\n\t\t\t\t\t<\/div>\n\t\t<\/div>\n\t\t\t\t<div class=\"elementor-column elementor-col-33 elementor-inner-column elementor-element elementor-element-401b50eb\" data-id=\"401b50eb\" data-element_type=\"column\">\n\t\t\t<div class=\"elementor-widget-wrap elementor-element-populated\">\n\t\t\t\t\t\t<div class=\"elementor-element elementor-element-1487f1fc elementor-icon-list--layout-inline elementor-align-right elementor-mobile-align-left elementor-list-item-link-full_width elementor-widget elementor-widget-icon-list\" data-id=\"1487f1fc\" data-element_type=\"widget\" data-widget_type=\"icon-list.default\">\n\t\t\t\t<div class=\"elementor-widget-container\">\n\t\t\t\t\t\t\t<ul class=\"elementor-icon-list-items elementor-inline-items\">\n\t\t\t\t\t\t\t<li class=\"elementor-icon-list-item elementor-inline-item\">\n\t\t\t\t\t\t\t\t\t\t\t<span class=\"elementor-icon-list-icon\">\n\t\t\t\t\t\t\t<i aria-hidden=\"true\" class=\"fab fa-facebook-f\"><\/i>\t\t\t\t\t\t<\/span>\n\t\t\t\t\t\t\t\t\t\t<span class=\"elementor-icon-list-text\"><\/span>\n\t\t\t\t\t\t\t\t\t<\/li>\n\t\t\t\t\t\t<\/ul>\n\t\t\t\t\t\t<\/div>\n\t\t\t\t<\/div>\n\t\t\t\t\t<\/div>\n\t\t<\/div>\n\t\t\t\t\t<\/div>\n\t\t<\/section>\n\t\t\t\t\t<\/div>\n\t\t<\/div>\n\t\t\t\t\t<\/div>\n\t\t<\/section>\n\t\t\t\t<section class=\"elementor-section elementor-top-section elementor-element elementor-element-5de8610d elementor-section-height-min-height elementor-section-boxed elementor-section-height-default elementor-section-items-middle elementor-invisible\" data-id=\"5de8610d\" data-element_type=\"section\" data-settings=\"{&quot;background_background&quot;:&quot;classic&quot;,&quot;animation&quot;:&quot;pulse&quot;}\">\n\t\t\t\t\t\t\t<div class=\"elementor-background-overlay\"><\/div>\n\t\t\t\t\t\t\t<div class=\"elementor-container elementor-column-gap-no\">\n\t\t\t\t\t<div class=\"elementor-column elementor-col-100 elementor-top-column elementor-element elementor-element-72c821e7\" data-id=\"72c821e7\" data-element_type=\"column\">\n\t\t\t<div class=\"elementor-widget-wrap elementor-element-populated\">\n\t\t\t\t\t\t<div class=\"elementor-element elementor-element-75741d25 elementor-widget elementor-widget-text-editor\" data-id=\"75741d25\" data-element_type=\"widget\" data-widget_type=\"text-editor.default\">\n\t\t\t\t<div class=\"elementor-widget-container\">\n\t\t\t\t\t\t\t\t\t<p style=\"text-align: center;\">Pisz\u0105 o nas<\/p>\t\t\t\t\t\t\t\t<\/div>\n\t\t\t\t<\/div>\n\t\t\t\t\t<\/div>\n\t\t<\/div>\n\t\t\t\t\t<\/div>\n\t\t<\/section>\n\t\t\t\t<section class=\"elementor-section elementor-top-section elementor-element elementor-element-17bea59 elementor-section-full_width elementor-section-height-min-height elementor-section-items-stretch elementor-reverse-tablet elementor-reverse-mobile elementor-section-height-default\" data-id=\"17bea59\" data-element_type=\"section\">\n\t\t\t\t\t\t<div class=\"elementor-container elementor-column-gap-default\">\n\t\t\t\t\t<div class=\"elementor-column elementor-col-50 elementor-top-column elementor-element elementor-element-37c1e16d\" data-id=\"37c1e16d\" data-element_type=\"column\" data-settings=\"{&quot;background_background&quot;:&quot;classic&quot;}\">\n\t\t\t<div class=\"elementor-widget-wrap elementor-element-populated\">\n\t\t\t\t\t\t<div class=\"elementor-element elementor-element-79a9465a elementor-widget elementor-widget-image\" data-id=\"79a9465a\" data-element_type=\"widget\" data-widget_type=\"image.default\">\n\t\t\t\t<div class=\"elementor-widget-container\">\n\t\t\t\t\t\t\t\t\t\t\t\t\t\t\t<img fetchpriority=\"high\" decoding=\"async\" width=\"1920\" height=\"1440\" src=\"https:\/\/motylkowewzgorze.pl\/wp-content\/uploads\/2021\/01\/breakfast-1869772_1920.jpg\" class=\"attachment-full size-full wp-image-293\" alt=\"\" srcset=\"https:\/\/motylkowewzgorze.pl\/wp-content\/uploads\/2021\/01\/breakfast-1869772_1920.jpg 1920w, https:\/\/motylkowewzgorze.pl\/wp-content\/uploads\/2021\/01\/breakfast-1869772_1920-300x225.jpg 300w, https:\/\/motylkowewzgorze.pl\/wp-content\/uploads\/2021\/01\/breakfast-1869772_1920-1024x768.jpg 1024w, https:\/\/motylkowewzgorze.pl\/wp-content\/uploads\/2021\/01\/breakfast-1869772_1920-768x576.jpg 768w, https:\/\/motylkowewzgorze.pl\/wp-content\/uploads\/2021\/01\/breakfast-1869772_1920-1536x1152.jpg 1536w, https:\/\/motylkowewzgorze.pl\/wp-content\/uploads\/2021\/01\/breakfast-1869772_1920-1568x1176.jpg 1568w\" sizes=\"(max-width: 1920px) 100vw, 1920px\" \/>\t\t\t\t\t\t\t\t\t\t\t\t\t\t\t<\/div>\n\t\t\t\t<\/div>\n\t\t\t\t\t<\/div>\n\t\t<\/div>\n\t\t\t\t<div class=\"elementor-column elementor-col-50 elementor-top-column elementor-element elementor-element-63abde69\" data-id=\"63abde69\" data-element_type=\"column\">\n\t\t\t<div class=\"elementor-widget-wrap elementor-element-populated\">\n\t\t\t\t\t\t<div class=\"elementor-element elementor-element-77efb8f8 elementor-widget elementor-widget-text-editor\" data-id=\"77efb8f8\" data-element_type=\"widget\" data-widget_type=\"text-editor.default\">\n\t\t\t\t<div class=\"elementor-widget-container\">\n\t\t\t\t\t\t\t\t\t<p><a href=\"https:\/\/starachowice.eu\/aktualnosci\/6137-program-wspieraj-seniora#!\"><strong>Starachowice.eu:<\/strong> &#8222;PROGRAM WSPIERAJ SENIORA&#8221; &#8211; 30.11.2020<\/a><\/p><p><a href=\"https:\/\/starachowicki.eu\/artykul\/wypozyczalnia-sprzetu\/1084087?fbclid=IwAR24c3VdajTkJEjJREyQYlfA7I82ARt5pilpX-MNnDHqKSAJRBhQMXugpZ4\"><b>Starachowicki.eu: &#8222;<\/b>Wypo\u017cyczalnia sprz\u0119tu z opiek\u0105 dla potrzebuj\u0105cych&#8221; &#8211; 28.09.2020<\/a><\/p><p><a href=\"https:\/\/echodnia.eu\/swietokrzyskie\/swietlica-motylkowe-wzgorze-rozszerza-opieke-nad-seniorami-w-starachowicach-sami-zrobili-remont-pomieszczen-zdjecia\/ar\/c15-15194308\"><strong>Echodnia.eu:<\/strong> &#8222;\u015awietlica Motylkowe Wzg\u00f3rze rozszerza opiek\u0119 nad seniorami w Starachowicach. Sami zrobili remont pomieszcze\u0144&#8221; &#8211; 23.09.2020<\/a><\/p><p><a href=\"https:\/\/ddsk.pl\/bractwo-badz-dobry-jak-chleb-ze-wsparciem-urzedu-marszalkowskiego\/\"><strong>Ddska.pl<\/strong>: &#8222;Bractwo \u201eB\u0105d\u017a dobry jak chleb\u201d ze wsparciem Urz\u0119du Marsza\u0142kowskiego&#8221; &#8211; 25.05.2020<\/a><\/p><p><a href=\"https:\/\/www.tv.starachowice.pl\/wiadomosci\/5939,powiat-ma-nowa-rade-ds-osob-niepelnosprawnych\"><strong>TV.starachowice.pl:<\/strong> &#8222;Powiat ma now\u0105 rad\u0119 ds. os\u00f3b niepe\u0142nosprawnych&#8221; &#8211; 13.08.2019<\/a><\/p>\t\t\t\t\t\t\t\t<\/div>\n\t\t\t\t<\/div>\n\t\t\t\t\t<\/div>\n\t\t<\/div>\n\t\t\t\t\t<\/div>\n\t\t<\/section>\n\t\t\t\t<section class=\"elementor-section elementor-top-section elementor-element elementor-element-2b86f632 elementor-section-content-middle elementor-section-boxed elementor-section-height-default elementor-section-height-default\" data-id=\"2b86f632\" data-element_type=\"section\" data-settings=\"{&quot;background_background&quot;:&quot;classic&quot;}\">\n\t\t\t\t\t\t<div class=\"elementor-container elementor-column-gap-no\">\n\t\t\t\t\t<div class=\"elementor-column elementor-col-50 elementor-top-column elementor-element elementor-element-33973d39\" data-id=\"33973d39\" data-element_type=\"column\">\n\t\t\t<div class=\"elementor-widget-wrap elementor-element-populated\">\n\t\t\t\t\t\t<div class=\"elementor-element elementor-element-377c6e03 elementor-widget elementor-widget-text-editor\" data-id=\"377c6e03\" data-element_type=\"widget\" data-widget_type=\"text-editor.default\">\n\t\t\t\t<div class=\"elementor-widget-container\">\n\t\t\t\t\t\t\t\t\t<p>COPYRIGHT \u00a9 2020 MOTYLKOWE WZG\u00d3RZE. ALL RIGHTS RESERVED. CREATED BY<\/p>\t\t\t\t\t\t\t\t<\/div>\n\t\t\t\t<\/div>\n\t\t\t\t\t<\/div>\n\t\t<\/div>\n\t\t\t\t<div class=\"elementor-column elementor-col-50 elementor-top-column elementor-element elementor-element-1c9953f0\" data-id=\"1c9953f0\" data-element_type=\"column\">\n\t\t\t<div class=\"elementor-widget-wrap elementor-element-populated\">\n\t\t\t\t\t\t<div class=\"elementor-element elementor-element-4a728fc7 elementor-widget elementor-widget-image\" data-id=\"4a728fc7\" data-element_type=\"widget\" data-widget_type=\"image.default\">\n\t\t\t\t<div class=\"elementor-widget-container\">\n\t\t\t\t\t\t\t\t\t\t\t\t\t\t\t\t<a href=\"http:\/\/czarnestudio.com\/\">\n\t\t\t\t\t\t\t<img decoding=\"async\" width=\"300\" height=\"262\" src=\"https:\/\/motylkowewzgorze.pl\/wp-content\/uploads\/2020\/12\/Czarne-Studio-logo-z-ramka-biale-bez-tla-2-300x262.png\" class=\"attachment-medium size-medium wp-image-84\" alt=\"\" srcset=\"https:\/\/motylkowewzgorze.pl\/wp-content\/uploads\/2020\/12\/Czarne-Studio-logo-z-ramka-biale-bez-tla-2-300x262.png 300w, https:\/\/motylkowewzgorze.pl\/wp-content\/uploads\/2020\/12\/Czarne-Studio-logo-z-ramka-biale-bez-tla-2-1024x896.png 1024w, https:\/\/motylkowewzgorze.pl\/wp-content\/uploads\/2020\/12\/Czarne-Studio-logo-z-ramka-biale-bez-tla-2-768x672.png 768w, https:\/\/motylkowewzgorze.pl\/wp-content\/uploads\/2020\/12\/Czarne-Studio-logo-z-ramka-biale-bez-tla-2-1536x1344.png 1536w, https:\/\/motylkowewzgorze.pl\/wp-content\/uploads\/2020\/12\/Czarne-Studio-logo-z-ramka-biale-bez-tla-2-2048x1792.png 2048w, https:\/\/motylkowewzgorze.pl\/wp-content\/uploads\/2020\/12\/Czarne-Studio-logo-z-ramka-biale-bez-tla-2-1568x1372.png 1568w\" sizes=\"(max-width: 300px) 100vw, 300px\" \/>\t\t\t\t\t\t\t\t<\/a>\n\t\t\t\t\t\t\t\t\t\t\t\t\t\t\t<\/div>\n\t\t\t\t<\/div>\n\t\t\t\t\t<\/div>\n\t\t<\/div>\n\t\t\t\t\t<\/div>\n\t\t<\/section>\n\t\t\t\t<\/div>\n\t\t","protected":false},"excerpt":{"rendered":"<p>504-707-352 Pisz\u0105 o nas Starachowice.eu: &#8222;PROGRAM WSPIERAJ SENIORA&#8221; &#8211; 30.11.2020 Starachowicki.eu: &#8222;Wypo\u017cyczalnia sprz\u0119tu z opiek\u0105 dla potrzebuj\u0105cych&#8221; &#8211; 28.09.2020 Echodnia.eu: &#8222;\u015awietlica Motylkowe Wzg\u00f3rze rozszerza opiek\u0119 nad seniorami w Starachowicach. Sami zrobili remont pomieszcze\u0144&#8221; &#8211; 23.09.2020 Ddska.pl: &#8222;Bractwo \u201eB\u0105d\u017a dobry jak chleb\u201d ze wsparciem Urz\u0119du Marsza\u0142kowskiego&#8221; &#8211; 25.05.2020 TV.starachowice.pl: &#8222;Powiat ma now\u0105 rad\u0119 ds. os\u00f3b niepe\u0142nosprawnych&#8221; [&hellip;]<\/p>\n","protected":false},"author":1,"featured_media":0,"parent":0,"menu_order":0,"comment_status":"closed","ping_status":"closed","template":"elementor_canvas","meta":{"footnotes":""},"class_list":["post-291","page","type-page","status-publish","hentry","entry"],"_links":{"self":[{"href":"https:\/\/motylkowewzgorze.pl\/index.php\/wp-json\/wp\/v2\/pages\/291","targetHints":{"allow":["GET"]}}],"collection":[{"href":"https:\/\/motylkowewzgorze.pl\/index.php\/wp-json\/wp\/v2\/pages"}],"about":[{"href":"https:\/\/motylkowewzgorze.pl\/index.php\/wp-json\/wp\/v2\/types\/page"}],"author":[{"embeddable":true,"href":"https:\/\/motylkowewzgorze.pl\/index.php\/wp-json\/wp\/v2\/users\/1"}],"replies":[{"embeddable":true,"href":"https:\/\/motylkowewzgorze.pl\/index.php\/wp-json\/wp\/v2\/comments?post=291"}],"version-history":[{"count":10,"href":"https:\/\/motylkowewzgorze.pl\/index.php\/wp-json\/wp\/v2\/pages\/291\/revisions"}],"predecessor-version":[{"id":304,"href":"https:\/\/motylkowewzgorze.pl\/index.php\/wp-json\/wp\/v2\/pages\/291\/revisions\/304"}],"wp:attachment":[{"href":"https:\/\/motylkowewzgorze.pl\/index.php\/wp-json\/wp\/v2\/media?parent=291"}],"curies":[{"name":"wp","href":"https:\/\/api.w.org\/{rel}","templated":true}]}}