{"id":1017,"date":"2025-06-23T17:28:48","date_gmt":"2025-06-23T17:28:48","guid":{"rendered":"https:\/\/motylkowewzgorze.pl\/?page_id=1017"},"modified":"2025-06-23T17:41:23","modified_gmt":"2025-06-23T17:41:23","slug":"uslugi-rehabilitacyjne","status":"publish","type":"page","link":"https:\/\/motylkowewzgorze.pl\/index.php\/uslugi-rehabilitacyjne\/","title":{"rendered":"Us\u0142ugi rehabilitacyjne"},"content":{"rendered":"\t\t<div data-elementor-type=\"wp-page\" data-elementor-id=\"1017\" class=\"elementor elementor-1017\" data-elementor-post-type=\"page\">\n\t\t\t\t\t\t<section class=\"elementor-section elementor-top-section elementor-element elementor-element-3e8b2916 elementor-section-full_width elementor-section-height-default elementor-section-height-default\" data-id=\"3e8b2916\" data-element_type=\"section\" id=\"header_pop\" data-settings=\"{&quot;sticky&quot;:&quot;top&quot;,&quot;sticky_on&quot;:[&quot;desktop&quot;,&quot;tablet&quot;,&quot;mobile&quot;],&quot;sticky_offset&quot;:0,&quot;sticky_effects_offset&quot;:0,&quot;sticky_anchor_link_offset&quot;:0}\">\n\t\t\t\t\t\t<div class=\"elementor-container elementor-column-gap-default\">\n\t\t\t\t\t<div class=\"elementor-column elementor-col-100 elementor-top-column elementor-element elementor-element-7124d9cf\" data-id=\"7124d9cf\" data-element_type=\"column\">\n\t\t\t<div class=\"elementor-widget-wrap elementor-element-populated\">\n\t\t\t\t\t\t<section class=\"elementor-section elementor-inner-section elementor-element elementor-element-325ca7f9 elementor-reverse-mobile elementor-section-boxed elementor-section-height-default elementor-section-height-default\" data-id=\"325ca7f9\" data-element_type=\"section\" data-settings=\"{&quot;background_background&quot;:&quot;classic&quot;}\">\n\t\t\t\t\t\t<div class=\"elementor-container elementor-column-gap-default\">\n\t\t\t\t\t<div class=\"elementor-column elementor-col-50 elementor-inner-column elementor-element elementor-element-18994799 elementor-hidden-phone\" data-id=\"18994799\" data-element_type=\"column\">\n\t\t\t<div class=\"elementor-widget-wrap elementor-element-populated\">\n\t\t\t\t\t\t<div class=\"elementor-element elementor-element-366f34b8 elementor-icon-list--layout-inline elementor-align-left elementor-mobile-align-center elementor-list-item-link-full_width elementor-widget elementor-widget-icon-list\" data-id=\"366f34b8\" data-element_type=\"widget\" data-widget_type=\"icon-list.default\">\n\t\t\t\t<div class=\"elementor-widget-container\">\n\t\t\t\t\t\t\t<ul class=\"elementor-icon-list-items elementor-inline-items\">\n\t\t\t\t\t\t\t<li class=\"elementor-icon-list-item elementor-inline-item\">\n\t\t\t\t\t\t\t\t\t\t\t<span class=\"elementor-icon-list-icon\">\n\t\t\t\t\t\t\t<i aria-hidden=\"true\" class=\"fas fa-phone\"><\/i>\t\t\t\t\t\t<\/span>\n\t\t\t\t\t\t\t\t\t\t<span class=\"elementor-icon-list-text\">504-787-352<\/span>\n\t\t\t\t\t\t\t\t\t<\/li>\n\t\t\t\t\t\t<\/ul>\n\t\t\t\t\t\t<\/div>\n\t\t\t\t<\/div>\n\t\t\t\t\t<\/div>\n\t\t<\/div>\n\t\t\t\t<div class=\"elementor-column elementor-col-50 elementor-inner-column elementor-element elementor-element-69690759\" data-id=\"69690759\" data-element_type=\"column\">\n\t\t\t<div class=\"elementor-widget-wrap elementor-element-populated\">\n\t\t\t\t\t\t<div class=\"elementor-element elementor-element-37f78b93 elementor-search-form--skin-full_screen elementor-widget elementor-widget-search-form\" data-id=\"37f78b93\" data-element_type=\"widget\" data-settings=\"{&quot;skin&quot;:&quot;full_screen&quot;}\" data-widget_type=\"search-form.default\">\n\t\t\t\t<div class=\"elementor-widget-container\">\n\t\t\t\t\t\t\t<search role=\"search\">\n\t\t\t<form class=\"elementor-search-form\" action=\"https:\/\/motylkowewzgorze.pl\" method=\"get\">\n\t\t\t\t\t\t\t\t\t\t\t\t<div class=\"elementor-search-form__toggle\" role=\"button\" tabindex=\"0\" aria-label=\"Szukaj\">\n\t\t\t\t\t<i aria-hidden=\"true\" class=\"fas fa-search\"><\/i>\t\t\t\t<\/div>\n\t\t\t\t\t\t\t\t<div class=\"elementor-search-form__container\">\n\t\t\t\t\t<label class=\"elementor-screen-only\" for=\"elementor-search-form-37f78b93\">Szukaj<\/label>\n\n\t\t\t\t\t\n\t\t\t\t\t<input id=\"elementor-search-form-37f78b93\" placeholder=\"\" class=\"elementor-search-form__input\" type=\"search\" name=\"s\" value=\"\">\n\t\t\t\t\t\n\t\t\t\t\t\n\t\t\t\t\t\t\t\t\t\t<div class=\"dialog-lightbox-close-button dialog-close-button\" role=\"button\" tabindex=\"0\" aria-label=\"Close this search box.\">\n\t\t\t\t\t\t<i aria-hidden=\"true\" class=\"eicon-close\"><\/i>\t\t\t\t\t<\/div>\n\t\t\t\t\t\t\t\t\t<\/div>\n\t\t\t<\/form>\n\t\t<\/search>\n\t\t\t\t\t\t<\/div>\n\t\t\t\t<\/div>\n\t\t\t\t\t<\/div>\n\t\t<\/div>\n\t\t\t\t\t<\/div>\n\t\t<\/section>\n\t\t\t\t<section class=\"elementor-section elementor-inner-section elementor-element elementor-element-618557fe elementor-section-boxed elementor-section-height-default elementor-section-height-default\" data-id=\"618557fe\" data-element_type=\"section\" data-settings=\"{&quot;background_background&quot;:&quot;classic&quot;}\">\n\t\t\t\t\t\t<div class=\"elementor-container elementor-column-gap-default\">\n\t\t\t\t\t<div class=\"elementor-column elementor-col-33 elementor-inner-column elementor-element elementor-element-3d59dde9\" data-id=\"3d59dde9\" data-element_type=\"column\">\n\t\t\t<div class=\"elementor-widget-wrap elementor-element-populated\">\n\t\t\t\t\t\t<div class=\"elementor-element elementor-element-48453dfb elementor-widget elementor-widget-image\" data-id=\"48453dfb\" data-element_type=\"widget\" data-widget_type=\"image.default\">\n\t\t\t\t<div class=\"elementor-widget-container\">\n\t\t\t\t\t\t\t\t\t\t\t\t\t\t\t\t<a href=\"https:\/\/motylkowewzgorze.pl\">\n\t\t\t\t\t\t\t<img decoding=\"async\" width=\"150\" height=\"150\" src=\"https:\/\/motylkowewzgorze.pl\/wp-content\/uploads\/2020\/12\/0001-3-150x150.jpg\" class=\"attachment-thumbnail size-thumbnail wp-image-63\" alt=\"\" srcset=\"https:\/\/motylkowewzgorze.pl\/wp-content\/uploads\/2020\/12\/0001-3-150x150.jpg 150w, https:\/\/motylkowewzgorze.pl\/wp-content\/uploads\/2020\/12\/0001-3-300x300.jpg 300w, https:\/\/motylkowewzgorze.pl\/wp-content\/uploads\/2020\/12\/0001-3-1024x1024.jpg 1024w, https:\/\/motylkowewzgorze.pl\/wp-content\/uploads\/2020\/12\/0001-3-768x768.jpg 768w, https:\/\/motylkowewzgorze.pl\/wp-content\/uploads\/2020\/12\/0001-3-1536x1536.jpg 1536w, https:\/\/motylkowewzgorze.pl\/wp-content\/uploads\/2020\/12\/0001-3-2048x2048.jpg 2048w, https:\/\/motylkowewzgorze.pl\/wp-content\/uploads\/2020\/12\/0001-3-1568x1568.jpg 1568w\" sizes=\"(max-width: 34.9rem) calc(100vw - 2rem), (max-width: 53rem) calc(8 * (100vw \/ 12)), (min-width: 53rem) calc(6 * (100vw \/ 12)), 100vw\" \/>\t\t\t\t\t\t\t\t<\/a>\n\t\t\t\t\t\t\t\t\t\t\t\t\t\t\t<\/div>\n\t\t\t\t<\/div>\n\t\t\t\t\t<\/div>\n\t\t<\/div>\n\t\t\t\t<div class=\"elementor-column elementor-col-33 elementor-inner-column elementor-element elementor-element-788692e6\" data-id=\"788692e6\" data-element_type=\"column\">\n\t\t\t<div class=\"elementor-widget-wrap elementor-element-populated\">\n\t\t\t\t\t\t<div class=\"elementor-element elementor-element-6a14cfdc elementor-nav-menu__align-center elementor-nav-menu--stretch elementor-nav-menu__text-align-center elementor-nav-menu--dropdown-tablet elementor-nav-menu--toggle elementor-nav-menu--burger elementor-widget elementor-widget-nav-menu\" data-id=\"6a14cfdc\" data-element_type=\"widget\" data-settings=\"{&quot;full_width&quot;:&quot;stretch&quot;,&quot;layout&quot;:&quot;horizontal&quot;,&quot;submenu_icon&quot;:{&quot;value&quot;:&quot;&lt;i class=\\&quot;fas fa-caret-down\\&quot; aria-hidden=\\&quot;true\\&quot;&gt;&lt;\\\/i&gt;&quot;,&quot;library&quot;:&quot;fa-solid&quot;},&quot;toggle&quot;:&quot;burger&quot;}\" data-widget_type=\"nav-menu.default\">\n\t\t\t\t<div class=\"elementor-widget-container\">\n\t\t\t\t\t\t\t\t<nav aria-label=\"Menu\" class=\"elementor-nav-menu--main elementor-nav-menu__container elementor-nav-menu--layout-horizontal e--pointer-underline e--animation-fade\">\n\t\t\t\t<ul id=\"menu-1-6a14cfdc\" class=\"elementor-nav-menu\"><li class=\"menu-item menu-item-type-post_type menu-item-object-page menu-item-410\"><a href=\"https:\/\/motylkowewzgorze.pl\/index.php\/aktualnosci\/\" class=\"elementor-item\">Aktualno\u015bci<\/a><\/li>\n<li class=\"menu-item menu-item-type-post_type menu-item-object-page menu-item-has-children menu-item-20\"><a href=\"https:\/\/motylkowewzgorze.pl\/index.php\/o-nas\/\" aria-haspopup=\"true\" aria-expanded=\"false\" class=\"elementor-item\">O nas<\/a>\n<ul class=\"sub-menu elementor-nav-menu--dropdown\">\n\t<li class=\"menu-item menu-item-type-post_type menu-item-object-page menu-item-311\"><a href=\"https:\/\/motylkowewzgorze.pl\/index.php\/zarzad\/\" class=\"elementor-sub-item\">Zarz\u0105d<\/a><\/li>\n\t<li class=\"menu-item menu-item-type-post_type menu-item-object-page menu-item-312\"><a href=\"https:\/\/motylkowewzgorze.pl\/index.php\/pisza-o-nas\/\" class=\"elementor-sub-item\">Pisz\u0105 o nas<\/a><\/li>\n<\/ul>\n<\/li>\n<li class=\"menu-item menu-item-type-post_type menu-item-object-page menu-item-has-children menu-item-19\"><a href=\"https:\/\/motylkowewzgorze.pl\/index.php\/oferta\/\" aria-haspopup=\"true\" aria-expanded=\"false\" class=\"elementor-item\">Oferta<\/a>\n<ul class=\"sub-menu elementor-nav-menu--dropdown\">\n\t<li class=\"menu-item menu-item-type-post_type menu-item-object-page menu-item-1007\"><a href=\"https:\/\/motylkowewzgorze.pl\/index.php\/rodzinny-dom-pomocy-spolecznej\/\" class=\"elementor-sub-item\">Rodzinny Dom Pomocy Spo\u0142ecznej<\/a><\/li>\n\t<li class=\"menu-item menu-item-type-post_type menu-item-object-page menu-item-1013\"><a href=\"https:\/\/motylkowewzgorze.pl\/index.php\/uslugi-opiekuncze\/\" class=\"elementor-sub-item\">Us\u0142ugi opieku\u0144cze<\/a><\/li>\n\t<li class=\"menu-item menu-item-type-post_type menu-item-object-page menu-item-1028\"><a href=\"https:\/\/motylkowewzgorze.pl\/index.php\/uslugi-rehabilitacyjne\/\" class=\"elementor-sub-item\">Us\u0142ugi rehabilitacyjne<\/a><\/li>\n<\/ul>\n<\/li>\n<li class=\"menu-item menu-item-type-post_type menu-item-object-page menu-item-21\"><a href=\"https:\/\/motylkowewzgorze.pl\/index.php\/kontakt\/\" class=\"elementor-item\">KONTAKT<\/a><\/li>\n<\/ul>\t\t\t<\/nav>\n\t\t\t\t\t<div class=\"elementor-menu-toggle\" role=\"button\" tabindex=\"0\" aria-label=\"Menu Toggle\" aria-expanded=\"false\">\n\t\t\t<i aria-hidden=\"true\" role=\"presentation\" class=\"elementor-menu-toggle__icon--open eicon-menu-bar\"><\/i><i aria-hidden=\"true\" role=\"presentation\" class=\"elementor-menu-toggle__icon--close eicon-close\"><\/i>\t\t<\/div>\n\t\t\t\t\t<nav class=\"elementor-nav-menu--dropdown elementor-nav-menu__container\" aria-hidden=\"true\">\n\t\t\t\t<ul id=\"menu-2-6a14cfdc\" class=\"elementor-nav-menu\"><li class=\"menu-item menu-item-type-post_type menu-item-object-page menu-item-410\"><a href=\"https:\/\/motylkowewzgorze.pl\/index.php\/aktualnosci\/\" class=\"elementor-item\" tabindex=\"-1\">Aktualno\u015bci<\/a><\/li>\n<li class=\"menu-item menu-item-type-post_type menu-item-object-page menu-item-has-children menu-item-20\"><a href=\"https:\/\/motylkowewzgorze.pl\/index.php\/o-nas\/\" aria-haspopup=\"true\" aria-expanded=\"false\" class=\"elementor-item\" tabindex=\"-1\">O nas<\/a>\n<ul class=\"sub-menu elementor-nav-menu--dropdown\">\n\t<li class=\"menu-item menu-item-type-post_type menu-item-object-page menu-item-311\"><a href=\"https:\/\/motylkowewzgorze.pl\/index.php\/zarzad\/\" class=\"elementor-sub-item\" tabindex=\"-1\">Zarz\u0105d<\/a><\/li>\n\t<li class=\"menu-item menu-item-type-post_type menu-item-object-page menu-item-312\"><a href=\"https:\/\/motylkowewzgorze.pl\/index.php\/pisza-o-nas\/\" class=\"elementor-sub-item\" tabindex=\"-1\">Pisz\u0105 o nas<\/a><\/li>\n<\/ul>\n<\/li>\n<li class=\"menu-item menu-item-type-post_type menu-item-object-page menu-item-has-children menu-item-19\"><a href=\"https:\/\/motylkowewzgorze.pl\/index.php\/oferta\/\" aria-haspopup=\"true\" aria-expanded=\"false\" class=\"elementor-item\" tabindex=\"-1\">Oferta<\/a>\n<ul class=\"sub-menu elementor-nav-menu--dropdown\">\n\t<li class=\"menu-item menu-item-type-post_type menu-item-object-page menu-item-1007\"><a href=\"https:\/\/motylkowewzgorze.pl\/index.php\/rodzinny-dom-pomocy-spolecznej\/\" class=\"elementor-sub-item\" tabindex=\"-1\">Rodzinny Dom Pomocy Spo\u0142ecznej<\/a><\/li>\n\t<li class=\"menu-item menu-item-type-post_type menu-item-object-page menu-item-1013\"><a href=\"https:\/\/motylkowewzgorze.pl\/index.php\/uslugi-opiekuncze\/\" class=\"elementor-sub-item\" tabindex=\"-1\">Us\u0142ugi opieku\u0144cze<\/a><\/li>\n\t<li class=\"menu-item menu-item-type-post_type menu-item-object-page menu-item-1028\"><a href=\"https:\/\/motylkowewzgorze.pl\/index.php\/uslugi-rehabilitacyjne\/\" class=\"elementor-sub-item\" tabindex=\"-1\">Us\u0142ugi rehabilitacyjne<\/a><\/li>\n<\/ul>\n<\/li>\n<li class=\"menu-item menu-item-type-post_type menu-item-object-page menu-item-21\"><a href=\"https:\/\/motylkowewzgorze.pl\/index.php\/kontakt\/\" class=\"elementor-item\" tabindex=\"-1\">KONTAKT<\/a><\/li>\n<\/ul>\t\t\t<\/nav>\n\t\t\t\t\t\t<\/div>\n\t\t\t\t<\/div>\n\t\t\t\t\t<\/div>\n\t\t<\/div>\n\t\t\t\t<div class=\"elementor-column elementor-col-33 elementor-inner-column elementor-element elementor-element-62c51321\" data-id=\"62c51321\" data-element_type=\"column\">\n\t\t\t<div class=\"elementor-widget-wrap elementor-element-populated\">\n\t\t\t\t\t\t<div class=\"elementor-element elementor-element-485f485b elementor-icon-list--layout-inline elementor-align-right elementor-mobile-align-left elementor-list-item-link-full_width elementor-widget elementor-widget-icon-list\" data-id=\"485f485b\" data-element_type=\"widget\" data-widget_type=\"icon-list.default\">\n\t\t\t\t<div class=\"elementor-widget-container\">\n\t\t\t\t\t\t\t<ul class=\"elementor-icon-list-items elementor-inline-items\">\n\t\t\t\t\t\t\t<li class=\"elementor-icon-list-item elementor-inline-item\">\n\t\t\t\t\t\t\t\t\t\t\t<span class=\"elementor-icon-list-icon\">\n\t\t\t\t\t\t\t<i aria-hidden=\"true\" class=\"fab fa-facebook-f\"><\/i>\t\t\t\t\t\t<\/span>\n\t\t\t\t\t\t\t\t\t\t<span class=\"elementor-icon-list-text\"><\/span>\n\t\t\t\t\t\t\t\t\t<\/li>\n\t\t\t\t\t\t<\/ul>\n\t\t\t\t\t\t<\/div>\n\t\t\t\t<\/div>\n\t\t\t\t\t<\/div>\n\t\t<\/div>\n\t\t\t\t\t<\/div>\n\t\t<\/section>\n\t\t\t\t\t<\/div>\n\t\t<\/div>\n\t\t\t\t\t<\/div>\n\t\t<\/section>\n\t\t\t\t<section class=\"elementor-section elementor-top-section elementor-element elementor-element-528acc5c elementor-section-height-min-height elementor-section-boxed elementor-section-height-default elementor-section-items-middle elementor-invisible\" data-id=\"528acc5c\" data-element_type=\"section\" data-settings=\"{&quot;background_background&quot;:&quot;classic&quot;,&quot;animation&quot;:&quot;pulse&quot;}\">\n\t\t\t\t\t\t\t<div class=\"elementor-background-overlay\"><\/div>\n\t\t\t\t\t\t\t<div class=\"elementor-container elementor-column-gap-no\">\n\t\t\t\t\t<div class=\"elementor-column elementor-col-100 elementor-top-column elementor-element elementor-element-bba427c\" data-id=\"bba427c\" data-element_type=\"column\">\n\t\t\t<div class=\"elementor-widget-wrap elementor-element-populated\">\n\t\t\t\t\t\t<div class=\"elementor-element elementor-element-55ab5d4 elementor-widget elementor-widget-theme-post-title elementor-page-title elementor-widget-heading\" data-id=\"55ab5d4\" data-element_type=\"widget\" data-widget_type=\"theme-post-title.default\">\n\t\t\t\t<div class=\"elementor-widget-container\">\n\t\t\t\t\t<h1 class=\"elementor-heading-title elementor-size-default\">Us\u0142ugi rehabilitacyjne<\/h1>\t\t\t\t<\/div>\n\t\t\t\t<\/div>\n\t\t\t\t\t<\/div>\n\t\t<\/div>\n\t\t\t\t\t<\/div>\n\t\t<\/section>\n\t\t\t\t<section class=\"elementor-section elementor-top-section elementor-element elementor-element-5423c8c1 elementor-section-height-min-height elementor-section-items-stretch elementor-reverse-tablet elementor-reverse-mobile elementor-section-boxed elementor-section-height-default\" data-id=\"5423c8c1\" data-element_type=\"section\">\n\t\t\t\t\t\t<div class=\"elementor-container elementor-column-gap-default\">\n\t\t\t\t\t<div class=\"elementor-column elementor-col-50 elementor-top-column elementor-element elementor-element-63a2a6e2\" data-id=\"63a2a6e2\" data-element_type=\"column\" data-settings=\"{&quot;background_background&quot;:&quot;classic&quot;}\">\n\t\t\t<div class=\"elementor-widget-wrap elementor-element-populated\">\n\t\t\t\t\t\t<div class=\"elementor-element elementor-element-8253e3a elementor-widget elementor-widget-image\" data-id=\"8253e3a\" data-element_type=\"widget\" data-widget_type=\"image.default\">\n\t\t\t\t<div class=\"elementor-widget-container\">\n\t\t\t\t\t\t\t\t\t\t\t\t\t\t\t<img fetchpriority=\"high\" decoding=\"async\" width=\"640\" height=\"366\" src=\"https:\/\/motylkowewzgorze.pl\/wp-content\/uploads\/2025\/02\/ai-generated-8271090_1920-1024x585.jpg\" class=\"attachment-large size-large wp-image-647\" alt=\"\" srcset=\"https:\/\/motylkowewzgorze.pl\/wp-content\/uploads\/2025\/02\/ai-generated-8271090_1920-1024x585.jpg 1024w, https:\/\/motylkowewzgorze.pl\/wp-content\/uploads\/2025\/02\/ai-generated-8271090_1920-300x171.jpg 300w, https:\/\/motylkowewzgorze.pl\/wp-content\/uploads\/2025\/02\/ai-generated-8271090_1920-768x439.jpg 768w, https:\/\/motylkowewzgorze.pl\/wp-content\/uploads\/2025\/02\/ai-generated-8271090_1920-1536x878.jpg 1536w, https:\/\/motylkowewzgorze.pl\/wp-content\/uploads\/2025\/02\/ai-generated-8271090_1920-1568x896.jpg 1568w, https:\/\/motylkowewzgorze.pl\/wp-content\/uploads\/2025\/02\/ai-generated-8271090_1920.jpg 1920w\" sizes=\"(max-width: 640px) 100vw, 640px\" \/>\t\t\t\t\t\t\t\t\t\t\t\t\t\t\t<\/div>\n\t\t\t\t<\/div>\n\t\t\t\t<div class=\"elementor-element elementor-element-3f54690 elementor-widget elementor-widget-image\" data-id=\"3f54690\" data-element_type=\"widget\" data-widget_type=\"image.default\">\n\t\t\t\t<div class=\"elementor-widget-container\">\n\t\t\t\t\t\t\t\t\t\t\t\t\t\t\t<img decoding=\"async\" width=\"640\" height=\"428\" src=\"https:\/\/motylkowewzgorze.pl\/wp-content\/uploads\/2025\/06\/Dlaczego-rehabilitacja-jest-wazna-1024x684.jpg\" class=\"attachment-large size-large wp-image-1024\" alt=\"\" srcset=\"https:\/\/motylkowewzgorze.pl\/wp-content\/uploads\/2025\/06\/Dlaczego-rehabilitacja-jest-wazna-1024x684.jpg 1024w, https:\/\/motylkowewzgorze.pl\/wp-content\/uploads\/2025\/06\/Dlaczego-rehabilitacja-jest-wazna-300x200.jpg 300w, https:\/\/motylkowewzgorze.pl\/wp-content\/uploads\/2025\/06\/Dlaczego-rehabilitacja-jest-wazna-768x513.jpg 768w, https:\/\/motylkowewzgorze.pl\/wp-content\/uploads\/2025\/06\/Dlaczego-rehabilitacja-jest-wazna-1536x1026.jpg 1536w, https:\/\/motylkowewzgorze.pl\/wp-content\/uploads\/2025\/06\/Dlaczego-rehabilitacja-jest-wazna-2048x1368.jpg 2048w, https:\/\/motylkowewzgorze.pl\/wp-content\/uploads\/2025\/06\/Dlaczego-rehabilitacja-jest-wazna-1568x1047.jpg 1568w\" sizes=\"(max-width: 640px) 100vw, 640px\" \/>\t\t\t\t\t\t\t\t\t\t\t\t\t\t\t<\/div>\n\t\t\t\t<\/div>\n\t\t\t\t<div class=\"elementor-element elementor-element-f54cee6 elementor-widget elementor-widget-image\" data-id=\"f54cee6\" data-element_type=\"widget\" data-widget_type=\"image.default\">\n\t\t\t\t<div class=\"elementor-widget-container\">\n\t\t\t\t\t\t\t\t\t\t\t\t\t\t\t<img loading=\"lazy\" decoding=\"async\" width=\"640\" height=\"426\" src=\"https:\/\/motylkowewzgorze.pl\/wp-content\/uploads\/2025\/06\/rehabilitacja-domowa-torun.jpg\" class=\"attachment-large size-large wp-image-1023\" alt=\"\" srcset=\"https:\/\/motylkowewzgorze.pl\/wp-content\/uploads\/2025\/06\/rehabilitacja-domowa-torun.jpg 670w, https:\/\/motylkowewzgorze.pl\/wp-content\/uploads\/2025\/06\/rehabilitacja-domowa-torun-300x200.jpg 300w\" sizes=\"(max-width: 640px) 100vw, 640px\" \/>\t\t\t\t\t\t\t\t\t\t\t\t\t\t\t<\/div>\n\t\t\t\t<\/div>\n\t\t\t\t\t<\/div>\n\t\t<\/div>\n\t\t\t\t<div class=\"elementor-column elementor-col-50 elementor-top-column elementor-element elementor-element-7249c3fa\" data-id=\"7249c3fa\" data-element_type=\"column\">\n\t\t\t<div class=\"elementor-widget-wrap elementor-element-populated\">\n\t\t\t\t\t\t<div class=\"elementor-element elementor-element-4c15e2e elementor-widget elementor-widget-text-editor\" data-id=\"4c15e2e\" data-element_type=\"widget\" data-widget_type=\"text-editor.default\">\n\t\t\t\t<div class=\"elementor-widget-container\">\n\t\t\t\t\t\t\t\t\t<p data-start=\"143\" data-end=\"349\">Potrzebujesz fizjoterapii, ale dojazd do gabinetu jest dla Ciebie problemem? Nasz mobilny fizjoterapeuta przyjedzie prosto do Ciebie, oferuj\u0105c profesjonalne wsparcie w komfortowych warunkach Twojego domu.<\/p><h4 data-start=\"351\" data-end=\"395\"><strong data-start=\"354\" data-end=\"393\">Dla kogo jest mobilna fizjoterapia?<\/strong><\/h4><p data-start=\"396\" data-end=\"696\">Nasze us\u0142ugi kierujemy do:<br data-start=\"422\" data-end=\"425\" \/>\u2714 Os\u00f3b po urazach i operacjach ortopedycznych<br data-start=\"470\" data-end=\"473\" \/>\u2714 Pacjent\u00f3w neurologicznych wymagaj\u0105cych regularnej rehabilitacji<br data-start=\"538\" data-end=\"541\" \/>\u2714 Senior\u00f3w potrzebuj\u0105cych terapii ruchowej<br data-start=\"583\" data-end=\"586\" \/>\u2714 Os\u00f3b z przewlek\u0142ymi b\u00f3lami kr\u0119gos\u0142upa i staw\u00f3w<br data-start=\"634\" data-end=\"637\" \/>\u2714 Ka\u017cdego, kto ceni sobie wygod\u0119 i indywidualne podej\u015bcie<\/p><h4 data-start=\"698\" data-end=\"720\"><strong data-start=\"701\" data-end=\"718\">Co oferujemy?<\/strong><\/h4><p data-start=\"721\" data-end=\"948\">\ud83d\udd39 Diagnostyk\u0119 i indywidualnie dopasowan\u0105 terapi\u0119<br data-start=\"770\" data-end=\"773\" \/>\ud83d\udd39 \u0106wiczenia usprawniaj\u0105ce i wzmacniaj\u0105ce<br data-start=\"814\" data-end=\"817\" \/>\ud83d\udd39 Terapi\u0119 manualn\u0105 oraz masa\u017ce<br data-start=\"848\" data-end=\"851\" \/>\ud83d\udd39 Rehabilitacj\u0119 pourazow\u0105 i pooperacyjn\u0105<br data-start=\"892\" data-end=\"895\" \/>\ud83d\udd39 Profilaktyk\u0119 wad postawy i dolegliwo\u015bci b\u00f3lowych<\/p><p data-start=\"950\" data-end=\"1188\">Dzia\u0142amy z my\u015bl\u0105 o Twoim zdrowiu i komforcie, dlatego dostosowujemy godziny wizyt do Twoich potrzeb. Nasz do\u015bwiadczony specjalista zadba o to, by\u015b m\u00f3g\u0142 cieszy\u0107 si\u0119 sprawno\u015bci\u0105 i lepszym samopoczuciem bez konieczno\u015bci wychodzenia z domu.<\/p>\t\t\t\t\t\t\t\t<\/div>\n\t\t\t\t<\/div>\n\t\t\t\t\t<\/div>\n\t\t<\/div>\n\t\t\t\t\t<\/div>\n\t\t<\/section>\n\t\t\t\t<section class=\"elementor-section elementor-top-section elementor-element elementor-element-267710e9 elementor-section-content-middle elementor-section-boxed elementor-section-height-default elementor-section-height-default\" data-id=\"267710e9\" data-element_type=\"section\" data-settings=\"{&quot;background_background&quot;:&quot;classic&quot;}\">\n\t\t\t\t\t\t<div class=\"elementor-container elementor-column-gap-no\">\n\t\t\t\t\t<div class=\"elementor-column elementor-col-50 elementor-top-column elementor-element elementor-element-367a5c9a\" data-id=\"367a5c9a\" data-element_type=\"column\">\n\t\t\t<div class=\"elementor-widget-wrap elementor-element-populated\">\n\t\t\t\t\t\t<div class=\"elementor-element elementor-element-7cbc248f elementor-widget elementor-widget-text-editor\" data-id=\"7cbc248f\" data-element_type=\"widget\" data-widget_type=\"text-editor.default\">\n\t\t\t\t<div class=\"elementor-widget-container\">\n\t\t\t\t\t\t\t\t\t<p>COPYRIGHT \u00a9 2020 MOTYLKOWE WZG\u00d3RZE. ALL RIGHTS RESERVED. CREATED BY<\/p>\t\t\t\t\t\t\t\t<\/div>\n\t\t\t\t<\/div>\n\t\t\t\t\t<\/div>\n\t\t<\/div>\n\t\t\t\t<div class=\"elementor-column elementor-col-50 elementor-top-column elementor-element elementor-element-4af0bcce\" data-id=\"4af0bcce\" data-element_type=\"column\">\n\t\t\t<div class=\"elementor-widget-wrap elementor-element-populated\">\n\t\t\t\t\t\t<div class=\"elementor-element elementor-element-2de76501 elementor-widget elementor-widget-image\" data-id=\"2de76501\" data-element_type=\"widget\" data-widget_type=\"image.default\">\n\t\t\t\t<div class=\"elementor-widget-container\">\n\t\t\t\t\t\t\t\t\t\t\t\t\t\t\t\t<a href=\"http:\/\/czarnestudio.com\/\">\n\t\t\t\t\t\t\t<img loading=\"lazy\" decoding=\"async\" width=\"300\" height=\"262\" src=\"https:\/\/motylkowewzgorze.pl\/wp-content\/uploads\/2020\/12\/Czarne-Studio-logo-z-ramka-biale-bez-tla-2-300x262.png\" class=\"attachment-medium size-medium wp-image-84\" alt=\"\" srcset=\"https:\/\/motylkowewzgorze.pl\/wp-content\/uploads\/2020\/12\/Czarne-Studio-logo-z-ramka-biale-bez-tla-2-300x262.png 300w, https:\/\/motylkowewzgorze.pl\/wp-content\/uploads\/2020\/12\/Czarne-Studio-logo-z-ramka-biale-bez-tla-2-1024x896.png 1024w, https:\/\/motylkowewzgorze.pl\/wp-content\/uploads\/2020\/12\/Czarne-Studio-logo-z-ramka-biale-bez-tla-2-768x672.png 768w, https:\/\/motylkowewzgorze.pl\/wp-content\/uploads\/2020\/12\/Czarne-Studio-logo-z-ramka-biale-bez-tla-2-1536x1344.png 1536w, https:\/\/motylkowewzgorze.pl\/wp-content\/uploads\/2020\/12\/Czarne-Studio-logo-z-ramka-biale-bez-tla-2-2048x1792.png 2048w, https:\/\/motylkowewzgorze.pl\/wp-content\/uploads\/2020\/12\/Czarne-Studio-logo-z-ramka-biale-bez-tla-2-1568x1372.png 1568w\" sizes=\"(max-width: 300px) 100vw, 300px\" \/>\t\t\t\t\t\t\t\t<\/a>\n\t\t\t\t\t\t\t\t\t\t\t\t\t\t\t<\/div>\n\t\t\t\t<\/div>\n\t\t\t\t\t<\/div>\n\t\t<\/div>\n\t\t\t\t\t<\/div>\n\t\t<\/section>\n\t\t\t\t<\/div>\n\t\t","protected":false},"excerpt":{"rendered":"<p>504-787-352 Potrzebujesz fizjoterapii, ale dojazd do gabinetu jest dla Ciebie problemem? Nasz mobilny fizjoterapeuta przyjedzie prosto do Ciebie, oferuj\u0105c profesjonalne wsparcie w komfortowych warunkach Twojego domu. Dla kogo jest mobilna fizjoterapia? Nasze us\u0142ugi kierujemy do:\u2714 Os\u00f3b po urazach i operacjach ortopedycznych\u2714 Pacjent\u00f3w neurologicznych wymagaj\u0105cych regularnej rehabilitacji\u2714 Senior\u00f3w potrzebuj\u0105cych terapii ruchowej\u2714 Os\u00f3b z przewlek\u0142ymi b\u00f3lami kr\u0119gos\u0142upa [&hellip;]<\/p>\n","protected":false},"author":1,"featured_media":0,"parent":0,"menu_order":0,"comment_status":"closed","ping_status":"closed","template":"","meta":{"footnotes":""},"class_list":["post-1017","page","type-page","status-publish","hentry","entry"],"_links":{"self":[{"href":"https:\/\/motylkowewzgorze.pl\/index.php\/wp-json\/wp\/v2\/pages\/1017","targetHints":{"allow":["GET"]}}],"collection":[{"href":"https:\/\/motylkowewzgorze.pl\/index.php\/wp-json\/wp\/v2\/pages"}],"about":[{"href":"https:\/\/motylkowewzgorze.pl\/index.php\/wp-json\/wp\/v2\/types\/page"}],"author":[{"embeddable":true,"href":"https:\/\/motylkowewzgorze.pl\/index.php\/wp-json\/wp\/v2\/users\/1"}],"replies":[{"embeddable":true,"href":"https:\/\/motylkowewzgorze.pl\/index.php\/wp-json\/wp\/v2\/comments?post=1017"}],"version-history":[{"count":7,"href":"https:\/\/motylkowewzgorze.pl\/index.php\/wp-json\/wp\/v2\/pages\/1017\/revisions"}],"predecessor-version":[{"id":1031,"href":"https:\/\/motylkowewzgorze.pl\/index.php\/wp-json\/wp\/v2\/pages\/1017\/revisions\/1031"}],"wp:attachment":[{"href":"https:\/\/motylkowewzgorze.pl\/index.php\/wp-json\/wp\/v2\/media?parent=1017"}],"curies":[{"name":"wp","href":"https:\/\/api.w.org\/{rel}","templated":true}]}}